{"id":107,"date":"2021-10-30T10:12:11","date_gmt":"2021-10-30T10:12:11","guid":{"rendered":"https:\/\/kits.themecy.com\/memberships-3\/?page_id=107"},"modified":"2026-03-03T17:51:40","modified_gmt":"2026-03-03T15:51:40","slug":"lasketut","status":"publish","type":"page","link":"https:\/\/www.ksmaaralaskenta.fi\/index.php\/lasketut\/","title":{"rendered":"LASKETUT"},"content":{"rendered":"\n<h1 class=\"wp-block-heading\" style=\"font-size:17px\">LASKETUT KOHTEET<\/h1>\n\n\n\n<figure class=\"wp-block-table has-small-font-size\"><table class=\"has-fixed-layout\"><tbody><tr><td><strong>kk\/vuosi<\/strong><\/td><td><strong>Kohde<\/strong><\/td><td class=\"has-text-align-center\" data-align=\"center\"><strong>J\u00e4tt\u00f6 pvm.<\/strong><\/td><\/tr><tr><td><strong>02\/2026<\/strong><\/td><td>As Oy J\u00e4rvenp\u00e4\u00e4n Melodia ja Harmonia<\/td><td class=\"has-text-align-center\" data-align=\"center\">13.2.2026<\/td><\/tr><tr><td><\/td><td>Kuortaneen seurakunta Kappelinkulma<\/td><td class=\"has-text-align-center\" data-align=\"center\">10.2.2026<\/td><\/tr><\/tbody><\/table><\/figure>\n\n\n\n<figure class=\"wp-block-table has-small-font-size\"><table class=\"has-fixed-layout\"><tbody><tr><td><strong>01\/2026<\/strong><\/td><td>As Oy Aura<\/td><td class=\"has-text-align-center\" data-align=\"center\">28.1.2026<\/td><\/tr><tr><td><\/td><td>HEKA Paletinkierto 11<\/td><td class=\"has-text-align-center\" data-align=\"center\">23.1.2026<\/td><\/tr><tr><td><\/td><td>Keravan Merikallio<\/td><td class=\"has-text-align-center\" data-align=\"center\">14.1.2026<\/td><\/tr><tr><td><\/td><td>As Oy Helsingin Kruununvouti<\/td><td class=\"has-text-align-center\" data-align=\"center\">8.1.2026<\/td><\/tr><\/tbody><\/table><\/figure>\n\n\n\n<div class=\"wp-block-columns is-layout-flex wp-container-core-columns-is-layout-9d6595d7 wp-block-columns-is-layout-flex\">\n<div class=\"wp-block-column has-small-font-size is-layout-flow wp-block-column-is-layout-flow\" style=\"flex-basis:100%\">\n<figure class=\"wp-block-table\"><table class=\"has-fixed-layout\"><tbody><tr><td><strong>kk\/vuosi<\/strong><\/td><td><strong>Kohde<\/strong><\/td><td class=\"has-text-align-center\" data-align=\"center\"><strong>J\u00e4tt\u00f6 pmv.<\/strong><\/td><\/tr><tr><td><strong>12\/2025<\/strong><\/td><td>W\u00fcrth Kurikka<\/td><td class=\"has-text-align-center\" data-align=\"center\">22.12.2025<\/td><\/tr><tr><td><\/td><td>K-Market MUNCKINKATU, Hyvink\u00e4\u00e4<\/td><td class=\"has-text-align-center\" data-align=\"center\">22.12.2025<\/td><\/tr><tr><td><\/td><td>Opistokuja 1, Porvoo<\/td><td class=\"has-text-align-center\" data-align=\"center\">19.12.2025<\/td><\/tr><tr><td><\/td><td>As Oy Helsingin Auringonvalo<\/td><td class=\"has-text-align-center\" data-align=\"center\">19.12.2025<\/td><\/tr><\/tbody><\/table><\/figure>\n\n\n\n<figure class=\"wp-block-table\"><table class=\"has-fixed-layout\"><tbody><tr><td><strong>11\/2025<\/strong><\/td><td>AS OY VISARIVI, Sein\u00e4joki<\/td><td class=\"has-text-align-center\" data-align=\"center\">15.11.2025<\/td><\/tr><tr><td><\/td><td>Espoon Asunnot Oy Savikuja 2<\/td><td class=\"has-text-align-center\" data-align=\"center\">11.11.2025<\/td><\/tr><\/tbody><\/table><\/figure>\n\n\n\n<figure class=\"wp-block-table\"><table class=\"has-fixed-layout\"><tbody><tr><td><strong>10\/2025<\/strong><\/td><td>SCANDIC WASKIA, Vaasa<\/td><td class=\"has-text-align-center\" data-align=\"center\">23.10.2025<\/td><\/tr><tr><td><\/td><td>As Oy Vaiveronkatu 69<\/td><td class=\"has-text-align-center\" data-align=\"center\">14.10.2025<\/td><\/tr><tr><td><\/td><td>Jussilantie 13 Tuusula<\/td><td class=\"has-text-align-center\" data-align=\"center\">10.10.2025<\/td><\/tr><\/tbody><\/table><\/figure>\n\n\n\n<figure class=\"wp-block-table\"><table class=\"has-fixed-layout\"><tbody><tr><td><strong>09\/2025<\/strong><\/td><td>As Oy Nurmij\u00e4rven Kyijynpuisto (p\u00e4ivitetyt kuvat)<\/td><td class=\"has-text-align-center\" data-align=\"center\">16.9.2025<\/td><\/tr><tr><td><\/td><td>As Oy Espoon Vasalli<\/td><td class=\"has-text-align-center\" data-align=\"center\">12.9.2025<\/td><\/tr><tr><td><\/td><td>Espoon Kvartsiheikki<\/td><td class=\"has-text-align-center\" data-align=\"center\">10.9.2025<\/td><\/tr><tr><td><\/td><td>AS OY K\u00d6NTI\u00c4INEN 4, Sein\u00e4joki<\/td><td class=\"has-text-align-center\" data-align=\"center\">5.9.2025<\/td><\/tr><\/tbody><\/table><\/figure>\n\n\n\n<figure class=\"wp-block-table\"><table class=\"has-fixed-layout\"><tbody><tr><td><strong>08\/2025<\/strong><\/td><td>As Oy Nahkaparkki, Lapua<\/td><td class=\"has-text-align-center\" data-align=\"center\">28.8.2025<\/td><\/tr><tr><td><\/td><td>Asunto Oy Vantaan Noste ja Kiito<\/td><td class=\"has-text-align-center\" data-align=\"center\">25.8.2025<\/td><\/tr><tr><td><\/td><td>S\u00e4vel&amp;Sointu Sarvvik Kirkkonummi<\/td><td class=\"has-text-align-center\" data-align=\"center\">10.8.2025<\/td><\/tr><tr><td><\/td><td>Helsingin Bravo<\/td><td class=\"has-text-align-center\" data-align=\"center\">8.8.2025<\/td><\/tr><tr><td><\/td><td>Espoon Okra<\/td><td class=\"has-text-align-center\" data-align=\"center\">4.8.2025<\/td><\/tr><\/tbody><\/table><\/figure>\n\n\n\n<figure class=\"wp-block-table\"><table class=\"has-fixed-layout\"><tbody><tr><td><strong>07\/2025<\/strong><\/td><td>Espoon Tuulikello 3<\/td><td class=\"has-text-align-center\" data-align=\"center\">14.7.2025<\/td><\/tr><tr><td><\/td><td>Kankun koulu (Varkaus)<\/td><td class=\"has-text-align-center\" data-align=\"center\">10.7.2025<\/td><\/tr><tr><td><\/td><td>McDonald`s Pilkko (Joensuu)<\/td><td class=\"has-text-align-center\" data-align=\"center\">2.7.2025<\/td><\/tr><\/tbody><\/table><\/figure>\n\n\n\n<figure class=\"wp-block-table\"><table class=\"has-fixed-layout\"><tbody><tr><td><strong><strong>06\/2025<\/strong><\/strong><\/td><td>As Oy Vantaan Sepp\u00e4<\/td><td class=\"has-text-align-center\" data-align=\"center\">13.6.2025<\/td><\/tr><tr><td><\/td><td>M\u00e4nts\u00e4l\u00e4n valtakulma<\/td><td class=\"has-text-align-center\" data-align=\"center\">6.6.2025<\/td><\/tr><\/tbody><\/table><\/figure>\n\n\n\n<figure class=\"wp-block-table\"><table class=\"has-fixed-layout\"><tbody><tr><td><strong><strong>05\/2025<\/strong><\/strong><\/td><td>As Oy Nurmij\u00e4rven Kyijynpuisto<\/td><td class=\"has-text-align-center\" data-align=\"center\">30.5.2025<\/td><\/tr><tr><td><\/td><td>As Oy Kuusiniementie 21<\/td><td class=\"has-text-align-center\" data-align=\"center\">28.5.2025<\/td><\/tr><tr><td><\/td><td>Waratha OM (Joensuu)<\/td><td class=\"has-text-align-center\" data-align=\"center\">16.5.2025<\/td><\/tr><tr><td><\/td><td>Niskalankatu 4 (lapua)<\/td><td class=\"has-text-align-center\" data-align=\"center\">14.5.2025<\/td><\/tr><\/tbody><\/table><\/figure>\n\n\n\n<figure class=\"wp-block-table\"><table class=\"has-fixed-layout\"><tbody><tr><td><strong><strong>04\/2025<\/strong><\/strong><\/td><td>As Oy Kurkisuontie 11<\/td><td class=\"has-text-align-center\" data-align=\"center\">16.4.2025<\/td><\/tr><tr><td><\/td><td>L\u00e4nsikatu 14 (Joensuu)<\/td><td class=\"has-text-align-center\" data-align=\"center\">14.4.2025<\/td><\/tr><tr><td><\/td><td>As Oy Tuhkimontie 3-5<\/td><td class=\"has-text-align-center\" data-align=\"center\">14.4.2025<\/td><\/tr><tr><td><\/td><td>As Oy Vantaan Luotsi<\/td><td class=\"has-text-align-center\" data-align=\"center\">14.4.2025<\/td><\/tr><tr><td><\/td><td>As Oy Vantaan Tyyni<\/td><td class=\"has-text-align-center\" data-align=\"center\">11.4.2025<\/td><\/tr><tr><td><\/td><td>Olympiakatu 10 (Vaasa)<\/td><td class=\"has-text-align-center\" data-align=\"center\">7.4.2025<\/td><\/tr><\/tbody><\/table><\/figure>\n\n\n\n<figure class=\"wp-block-table\"><table class=\"has-fixed-layout\"><tbody><tr><td><strong><strong>03\/2025<\/strong><\/strong><\/td><td>As Oy Vantaan Rosalia ja Atsalea<\/td><td class=\"has-text-align-center\" data-align=\"center\">13.3.2025<\/td><\/tr><tr><td><\/td><td>Asunto Oy Helsingin Renata + Haakonin parkki<\/td><td class=\"has-text-align-center\" data-align=\"center\">7.3.2025<\/td><\/tr><\/tbody><\/table><\/figure>\n\n\n\n<figure class=\"wp-block-table\"><table class=\"has-fixed-layout\"><tbody><tr><td><strong><strong>02\/2025<\/strong><\/strong><\/td><td>Ilveskoti H\u00e4meenlinna<\/td><td class=\"has-text-align-center\" data-align=\"center\">23.2.2025<\/td><\/tr><tr><td><\/td><td>As Oy Vantaan Kalla ja Lootus (Neilikkatie 17)<\/td><td class=\"has-text-align-center\" data-align=\"center\">11.2.2025<\/td><\/tr><\/tbody><\/table><\/figure>\n\n\n\n<figure class=\"wp-block-table\"><table class=\"has-fixed-layout\"><tbody><tr><td><strong>01\/2025<\/strong><\/td><td>As Oy Taksv\u00e4rkki<\/td><td class=\"has-text-align-center\" data-align=\"center\">31.1.2025<\/td><\/tr><tr><td><\/td><td>Herttoniemi T8<\/td><td class=\"has-text-align-center\" data-align=\"center\">10.1.2025<\/td><\/tr><tr><td><\/td><td>As Oy Kuopuksentie 2<\/td><td class=\"has-text-align-center\" data-align=\"center\">10.1.2025<\/td><\/tr><tr><td><\/td><td>As Oy Ryytikuja 5<\/td><td class=\"has-text-align-center\" data-align=\"center\">8.1.2025<\/td><\/tr><\/tbody><\/table><\/figure>\n<\/div>\n<\/div>\n\n\n\n<div class=\"wp-block-columns is-layout-flex wp-container-core-columns-is-layout-9d6595d7 wp-block-columns-is-layout-flex\">\n<div class=\"wp-block-column is-layout-flow wp-block-column-is-layout-flow\" style=\"flex-basis:100%\">\n<figure class=\"wp-block-table is-style-regular has-small-font-size\" style=\"line-height:1.3\"><table class=\"has-fixed-layout\"><thead><tr><th class=\"has-text-align-left\" data-align=\"left\">kk\/vuosi<\/th><th class=\"has-text-align-left\" data-align=\"left\">Kohde<\/th><th class=\"has-text-align-center\" data-align=\"center\">J\u00e4tt\u00f6 pmv.<\/th><\/tr><\/thead><tbody><tr><td class=\"has-text-align-left\" data-align=\"left\"><strong>12\/2024<\/strong><\/td><td class=\"has-text-align-left\" data-align=\"left\">Asunto Oy Kauniaisten Toive ja Lumous<\/td><td class=\"has-text-align-center\" data-align=\"center\">27.12.2024<\/td><\/tr><tr><td class=\"has-text-align-left\" data-align=\"left\"><\/td><td class=\"has-text-align-left\" data-align=\"left\">Seiliniitty 4<\/td><td class=\"has-text-align-center\" data-align=\"center\">5.12.2024<\/td><\/tr><\/tbody><\/table><\/figure>\n<\/div>\n<\/div>\n\n\n\n<figure class=\"wp-block-table is-style-regular has-small-font-size\" style=\"line-height:1.3\"><table class=\"has-fixed-layout\"><tbody><tr><td class=\"has-text-align-left\" data-align=\"left\"><strong>11\/2024<\/strong><\/td><td class=\"has-text-align-left\" data-align=\"left\">Haso Myllypurontie 14 (haso myllynkivi)<\/td><td class=\"has-text-align-center\" data-align=\"center\">30.11.2024<\/td><\/tr><tr><td class=\"has-text-align-left\" data-align=\"left\"><\/td><td class=\"has-text-align-left\" data-align=\"left\">As Oy Espoon Villat<\/td><td class=\"has-text-align-center\" data-align=\"center\">29.11.2024<\/td><\/tr><tr><td class=\"has-text-align-left\" data-align=\"left\"><\/td><td class=\"has-text-align-left\" data-align=\"left\">Tohmaj\u00e4rven j\u00e4tevedenpuhdistamo<\/td><td class=\"has-text-align-center\" data-align=\"center\">15.11.2024<\/td><\/tr><tr><td class=\"has-text-align-left\" data-align=\"left\"><\/td><td class=\"has-text-align-left\" data-align=\"left\">LPK Tuuli Helsinki Haaga<\/td><td class=\"has-text-align-center\" data-align=\"center\">14.11.2024<\/td><\/tr><tr><td class=\"has-text-align-left\" data-align=\"left\"><\/td><td class=\"has-text-align-left\" data-align=\"left\">HEKA Jakom\u00e4ki<\/td><td class=\"has-text-align-center\" data-align=\"center\">13.11.2024<\/td><\/tr><tr><td class=\"has-text-align-left\" data-align=\"left\"><\/td><td class=\"has-text-align-left\" data-align=\"left\">Ristiaallokonkatu 7<\/td><td class=\"has-text-align-center\" data-align=\"center\">8.11.2024<\/td><\/tr><tr><td class=\"has-text-align-left\" data-align=\"left\"><\/td><td class=\"has-text-align-left\" data-align=\"left\">Ristiaallokonkatu 9<\/td><td class=\"has-text-align-center\" data-align=\"center\">8.11.2024<\/td><\/tr><tr><td class=\"has-text-align-left\" data-align=\"left\"><\/td><td class=\"has-text-align-left\" data-align=\"left\">Pekilo Plant<\/td><td class=\"has-text-align-center\" data-align=\"center\">8.11.2024<\/td><\/tr><tr><td class=\"has-text-align-left\" data-align=\"left\"><\/td><td class=\"has-text-align-left\" data-align=\"left\">As Oy Vantaan Magenta<\/td><td class=\"has-text-align-center\" data-align=\"center\">6.11.2024<\/td><\/tr><\/tbody><\/table><\/figure>\n\n\n\n<figure class=\"wp-block-table is-style-regular has-small-font-size\" style=\"line-height:1.3\"><table class=\"has-fixed-layout\"><tbody><tr><td class=\"has-text-align-left\" data-align=\"left\"><strong>10\/2024<\/strong><\/td><td class=\"has-text-align-left\" data-align=\"left\">As Oy Nurmij\u00e4rven Kaski<\/td><td class=\"has-text-align-center\" data-align=\"center\">18.10.2024<\/td><\/tr><tr><td class=\"has-text-align-left\" data-align=\"left\"><\/td><td class=\"has-text-align-left\" data-align=\"left\">Lpk Harbonkatu 8<\/td><td class=\"has-text-align-center\" data-align=\"center\">12.10.2024<\/td><\/tr><tr><td class=\"has-text-align-left\" data-align=\"left\"><\/td><td class=\"has-text-align-left\" data-align=\"left\">As Oy Luiskatie 19<\/td><td class=\"has-text-align-center\" data-align=\"center\">11.10.2024<\/td><\/tr><tr><td class=\"has-text-align-left\" data-align=\"left\"><\/td><td class=\"has-text-align-left\" data-align=\"left\">As Oy Espoon Lilja<\/td><td class=\"has-text-align-center\" data-align=\"center\">2.10.2024<\/td><\/tr><\/tbody><\/table><\/figure>\n\n\n\n<figure class=\"wp-block-table is-style-regular has-small-font-size\" style=\"line-height:1.3\"><table class=\"has-fixed-layout\"><tbody><tr><td class=\"has-text-align-left\" data-align=\"left\"><strong>09\/2024<\/strong><\/td><td class=\"has-text-align-left\" data-align=\"left\">Aalto yliopiston labratilojen saneeraus Otaniemess\u00e4<\/td><td class=\"has-text-align-center\" data-align=\"center\">27.9.2024<\/td><\/tr><tr><td class=\"has-text-align-left\" data-align=\"left\"><\/td><td class=\"has-text-align-left\" data-align=\"left\">As Oy Helsingin Alpha<\/td><td class=\"has-text-align-center\" data-align=\"center\">16.9.2924<\/td><\/tr><tr><td class=\"has-text-align-left\" data-align=\"left\"><\/td><td class=\"has-text-align-left\" data-align=\"left\">Asunto Oy Perkkaankulma<\/td><td class=\"has-text-align-center\" data-align=\"center\">11.9.2024<\/td><\/tr><\/tbody><\/table><\/figure>\n\n\n\n<figure class=\"wp-block-table is-style-regular has-small-font-size\" style=\"line-height:1.3\"><table class=\"has-fixed-layout\"><tbody><tr><td class=\"has-text-align-left\" data-align=\"left\"><strong>08\/2024<\/strong><\/td><td class=\"has-text-align-left\" data-align=\"left\">Eiranrannan l\u00e4mp\u00f6pumppulaitos<\/td><td class=\"has-text-align-center\" data-align=\"center\">30.8.2024<\/td><\/tr><tr><td class=\"has-text-align-left\" data-align=\"left\"><\/td><td class=\"has-text-align-left\" data-align=\"left\">As Oy Vantaan Artesaani<\/td><td class=\"has-text-align-center\" data-align=\"center\">23.8.2024<\/td><\/tr><tr><td class=\"has-text-align-left\" data-align=\"left\"><\/td><td class=\"has-text-align-left\" data-align=\"left\">As Oy Helsingin Saarni (p\u00e4ivitetyt kuvat)<\/td><td class=\"has-text-align-center\" data-align=\"center\">9.8.2024<\/td><\/tr><tr><td class=\"has-text-align-left\" data-align=\"left\"><\/td><td class=\"has-text-align-left\" data-align=\"left\">Asunto Oy Hyvink\u00e4\u00e4n Sarka<\/td><td class=\"has-text-align-center\" data-align=\"center\">9.8.2024<\/td><\/tr><tr><td class=\"has-text-align-left\" data-align=\"left\"><\/td><td class=\"has-text-align-left\" data-align=\"left\">Asunto Oy M\u00e4nts\u00e4l\u00e4n Peltolemmikki<\/td><td class=\"has-text-align-center\" data-align=\"center\">9.8.2024<\/td><\/tr><\/tbody><\/table><\/figure>\n\n\n\n<figure class=\"wp-block-table is-style-regular has-small-font-size\" style=\"line-height:1.3\"><table class=\"has-fixed-layout\"><tbody><tr><td class=\"has-text-align-left\" data-align=\"left\"><strong>06\/2024<\/strong><\/td><td class=\"has-text-align-left\" data-align=\"left\">As Oy Vantaan Rauha<\/td><td class=\"has-text-align-center\" data-align=\"center\">28.6.2024<\/td><\/tr><tr><td class=\"has-text-align-left\" data-align=\"left\"><\/td><td class=\"has-text-align-left\" data-align=\"left\">As Oy Helsingin Hopeamalmi<\/td><td class=\"has-text-align-center\" data-align=\"center\">11.6.2024<\/td><\/tr><\/tbody><\/table><\/figure>\n\n\n\n<figure class=\"wp-block-table is-style-regular has-small-font-size\" style=\"line-height:1.3\"><table class=\"has-fixed-layout\"><tbody><tr><td class=\"has-text-align-left\" data-align=\"left\"><strong>05\/2024<\/strong><\/td><td class=\"has-text-align-left\" data-align=\"left\">As Oy Helsingin Lilja<\/td><td class=\"has-text-align-center\" data-align=\"center\">22.5.2024<\/td><\/tr><tr><td class=\"has-text-align-left\" data-align=\"left\"><\/td><td class=\"has-text-align-left\" data-align=\"left\">As Oy S\u00e4\u00e4st\u00f6etu<\/td><td class=\"has-text-align-center\" data-align=\"center\">15.5.2024<\/td><\/tr><tr><td class=\"has-text-align-left\" data-align=\"left\"><\/td><td class=\"has-text-align-left\" data-align=\"left\">Kirkkonummen Panoraama &amp; Horisontti<\/td><td class=\"has-text-align-center\" data-align=\"center\">12.5.2024<\/td><\/tr><tr><td class=\"has-text-align-left\" data-align=\"left\"><\/td><td class=\"has-text-align-left\" data-align=\"left\">Niskalankatu 2, Lapua<\/td><td class=\"has-text-align-center\" data-align=\"center\">12.5.2024<\/td><\/tr><tr><td class=\"has-text-align-left\" data-align=\"left\"><\/td><td class=\"has-text-align-left\" data-align=\"left\">As Oy J\u00e4rvenp\u00e4\u00e4n Rinnepiha<\/td><td class=\"has-text-align-center\" data-align=\"center\">10.5.2024<\/td><\/tr><tr><td class=\"has-text-align-left\" data-align=\"left\"><\/td><td class=\"has-text-align-left\" data-align=\"left\">Syrj\u00e4l\u00e4n koulun v\u00e4ist\u00f6tilat<\/td><td class=\"has-text-align-center\" data-align=\"center\">9.5.2024<\/td><\/tr><tr><td class=\"has-text-align-left\" data-align=\"left\"><\/td><td class=\"has-text-align-left\" data-align=\"left\">As Oy S\u00e4\u00e4t\u00f6tuki<\/td><td class=\"has-text-align-center\" data-align=\"center\">6.5.2024<\/td><\/tr><\/tbody><\/table><\/figure>\n\n\n\n<figure class=\"wp-block-table is-style-regular has-small-font-size\" style=\"line-height:1.3\"><table class=\"has-fixed-layout\"><tbody><tr><td class=\"has-text-align-left\" data-align=\"left\"><strong>04\/2024<\/strong><\/td><td class=\"has-text-align-left\" data-align=\"left\">As Oy Vantaan Hilla<\/td><td class=\"has-text-align-center\" data-align=\"center\">19.4.2024<\/td><\/tr><tr><td class=\"has-text-align-left\" data-align=\"left\"><\/td><td class=\"has-text-align-left\" data-align=\"left\">Roihuvuorentie 20<\/td><td class=\"has-text-align-center\" data-align=\"center\">15.4.2024<\/td><\/tr><tr><td class=\"has-text-align-left\" data-align=\"left\"><\/td><td class=\"has-text-align-left\" data-align=\"left\">Asunto Oy Kauniaisen Unelma, Haave ja pys\u00e4k\u00f6intihalli<\/td><td class=\"has-text-align-center\" data-align=\"center\">12.4.2024<\/td><\/tr><tr><td class=\"has-text-align-left\" data-align=\"left\"><\/td><td class=\"has-text-align-left\" data-align=\"left\">ISH ANNEX Koulun laajennus<\/td><td class=\"has-text-align-center\" data-align=\"center\">11.4.2024<\/td><\/tr><\/tbody><\/table><\/figure>\n\n\n\n<figure class=\"wp-block-table is-style-regular has-small-font-size\" style=\"line-height:1.3\"><table class=\"has-fixed-layout\"><tbody><tr><td class=\"has-text-align-left\" data-align=\"left\"><strong>03\/2024<\/strong><\/td><td class=\"has-text-align-left\" data-align=\"left\">DHL Terminaali<\/td><td class=\"has-text-align-center\" data-align=\"center\">22.3.2024<\/td><\/tr><tr><td class=\"has-text-align-left\" data-align=\"left\"><\/td><td class=\"has-text-align-left\" data-align=\"left\">As Oy Helsingin Frakki<\/td><td class=\"has-text-align-center\" data-align=\"center\">6.3.2024<\/td><\/tr><\/tbody><\/table><\/figure>\n\n\n\n<figure class=\"wp-block-table is-style-regular has-small-font-size\" style=\"line-height:1.3\"><table class=\"has-fixed-layout\"><tbody><tr><td class=\"has-text-align-left\" data-align=\"left\"><strong>02\/2024<\/strong><\/td><td class=\"has-text-align-left\" data-align=\"left\">Kivikon j\u00e4tepalvelukeskus<\/td><td class=\"has-text-align-center\" data-align=\"center\"><br>23.2.2024<\/td><\/tr><tr><td class=\"has-text-align-left\" data-align=\"left\"><\/td><td class=\"has-text-align-left\" data-align=\"left\">TA Stor\u00f6rintie 9 -11<\/td><td class=\"has-text-align-center\" data-align=\"center\">16.2.2024<\/td><\/tr><tr><td class=\"has-text-align-left\" data-align=\"left\"><\/td><td class=\"has-text-align-left\" data-align=\"left\">TA Pianonsoittajankatu 3<\/td><td class=\"has-text-align-center\" data-align=\"center\">10.2.2024<\/td><\/tr><tr><td class=\"has-text-align-left\" data-align=\"left\"><\/td><td class=\"has-text-align-left\" data-align=\"left\">Oulunkyl\u00e4n Teininrinne (Uudet kuvat)<\/td><td class=\"has-text-align-center\" data-align=\"center\"><\/td><\/tr><\/tbody><\/table><\/figure>\n\n\n\n<figure class=\"wp-block-table is-style-regular has-small-font-size\" style=\"line-height:1.3\"><table class=\"has-fixed-layout\"><tbody><tr><td class=\"has-text-align-left\" data-align=\"left\"><strong>01\/2024<\/strong><\/td><td class=\"has-text-align-left\" data-align=\"left\">As Oy Helsingin Saarni<\/td><td class=\"has-text-align-center\" data-align=\"center\">30.1.2024<\/td><\/tr><tr><td class=\"has-text-align-left\" data-align=\"left\"><\/td><td class=\"has-text-align-left\" data-align=\"left\">HEKA Smoltinkaari<\/td><td class=\"has-text-align-center\" data-align=\"center\">30.1.2024<\/td><\/tr><tr><td class=\"has-text-align-left\" data-align=\"left\"><\/td><td class=\"has-text-align-left\" data-align=\"left\">Avain Mellunpuisto<\/td><td class=\"has-text-align-center\" data-align=\"center\">30.1.2024<\/td><\/tr><tr><td class=\"has-text-align-left\" data-align=\"left\"><\/td><td class=\"has-text-align-left\" data-align=\"left\">As Oy Vantaan Fuksia<\/td><td class=\"has-text-align-center\" data-align=\"center\">19.1.2024<\/td><\/tr><\/tbody><\/table><\/figure>\n\n\n\n<figure class=\"wp-block-table is-style-regular has-small-font-size\" style=\"line-height:1.3\"><table class=\"has-fixed-layout\"><tbody><tr><td class=\"has-text-align-left\" data-align=\"left\"><strong>12\/2023<\/strong><\/td><td class=\"has-text-align-left\" data-align=\"left\">Oulunkyl\u00e4n Teininrinne<\/td><td class=\"has-text-align-center\" data-align=\"center\">18.12.2023<\/td><\/tr><tr><td class=\"has-text-align-left\" data-align=\"left\"><\/td><td class=\"has-text-align-left\" data-align=\"left\">As Oy Helsingin L\u00e4hetti 3<\/td><td class=\"has-text-align-center\" data-align=\"center\">12.12.2023<\/td><\/tr><\/tbody><\/table><\/figure>\n\n\n\n<figure class=\"wp-block-table is-style-regular has-small-font-size\" style=\"line-height:1.3\"><table class=\"has-fixed-layout\"><tbody><tr><td class=\"has-text-align-left\" data-align=\"left\"><strong>11\/2023<\/strong><\/td><td class=\"has-text-align-left\" data-align=\"left\">As Oy Espoon Finnsin August<\/td><td class=\"has-text-align-center\" data-align=\"center\">24.11.2023<\/td><\/tr><tr><td class=\"has-text-align-left\" data-align=\"left\"><\/td><td class=\"has-text-align-left\" data-align=\"left\">As Oy Espoon Hurmaus<\/td><td class=\"has-text-align-center\" data-align=\"center\">6.11.2023<\/td><\/tr><\/tbody><\/table><\/figure>\n\n\n\n<p class=\"has-text-align-center has-small-font-size\">P\u00e4ivitetty 3.3.2026<\/p>\n\n\n\n<p><\/p>\n","protected":false},"excerpt":{"rendered":"<p>LASKETUT KOHTEET kk\/vuosi Kohde J\u00e4tt\u00f6 pvm. 02\/2026 As Oy J\u00e4rvenp\u00e4\u00e4n Melodia ja Harmonia 13.2.2026 Kuortaneen seurakunta Kappelinkulma 10.2.2026 01\/2026 As Oy Aura 28.1.2026 HEKA Paletinkierto 11 23.1.2026 Keravan Merikallio 14.1.2026 As Oy Helsingin Kruununvouti 8.1.2026 kk\/vuosi Kohde J\u00e4tt\u00f6 pmv. 12\/2025 W\u00fcrth Kurikka 22.12.2025 K-Market MUNCKINKATU, Hyvink\u00e4\u00e4 22.12.2025 Opistokuja 1, Porvoo 19.12.2025 As Oy Helsingin Auringonvalo&#8230;<\/p>\n","protected":false},"author":1,"featured_media":0,"parent":0,"menu_order":0,"comment_status":"closed","ping_status":"closed","template":"","meta":{"_kadence_starter_templates_imported_post":true,"_kad_post_transparent":"","_kad_post_title":"hide","_kad_post_layout":"narrow","_kad_post_sidebar_id":"","_kad_post_content_style":"unboxed","_kad_post_vertical_padding":"default","_kad_post_feature":"hide","_kad_post_feature_position":"","_kad_post_header":false,"_kad_post_footer":false,"_kad_post_classname":"","footnotes":""},"class_list":["post-107","page","type-page","status-publish","hentry"],"_links":{"self":[{"href":"https:\/\/www.ksmaaralaskenta.fi\/index.php\/wp-json\/wp\/v2\/pages\/107","targetHints":{"allow":["GET"]}}],"collection":[{"href":"https:\/\/www.ksmaaralaskenta.fi\/index.php\/wp-json\/wp\/v2\/pages"}],"about":[{"href":"https:\/\/www.ksmaaralaskenta.fi\/index.php\/wp-json\/wp\/v2\/types\/page"}],"author":[{"embeddable":true,"href":"https:\/\/www.ksmaaralaskenta.fi\/index.php\/wp-json\/wp\/v2\/users\/1"}],"replies":[{"embeddable":true,"href":"https:\/\/www.ksmaaralaskenta.fi\/index.php\/wp-json\/wp\/v2\/comments?post=107"}],"version-history":[{"count":40,"href":"https:\/\/www.ksmaaralaskenta.fi\/index.php\/wp-json\/wp\/v2\/pages\/107\/revisions"}],"predecessor-version":[{"id":1309,"href":"https:\/\/www.ksmaaralaskenta.fi\/index.php\/wp-json\/wp\/v2\/pages\/107\/revisions\/1309"}],"wp:attachment":[{"href":"https:\/\/www.ksmaaralaskenta.fi\/index.php\/wp-json\/wp\/v2\/media?parent=107"}],"curies":[{"name":"wp","href":"https:\/\/api.w.org\/{rel}","templated":true}]}}