{"id":3,"date":"2023-12-30T16:21:00","date_gmt":"2023-12-30T16:21:00","guid":{"rendered":"http:\/\/www.ksmaaralaskenta.fi\/?page_id=3"},"modified":"2026-01-21T14:37:08","modified_gmt":"2026-01-21T12:37:08","slug":"tietosuoja","status":"publish","type":"page","link":"https:\/\/www.ksmaaralaskenta.fi\/index.php\/tietosuoja\/","title":{"rendered":"TIETOSUOJASELOSTE"},"content":{"rendered":"\n<h1 class=\"wp-block-heading has-medium-font-size\">Rekisteri- ja tietosuojaseloste <\/h1>\n\n\n\n<p class=\"has-small-font-size\">T\u00e4m\u00e4 on\u00a0Yrityksen\u00a0EU:n yleisen tietosuoja-asetuksen (GDPR) mukainen rekisteri- ja tietosuojaseloste. Laadittu\u00a01.1.2026. <\/p>\n\n\n\n<h2 class=\"wp-block-heading has-small-font-size\">1. Rekisterinpit\u00e4j\u00e4<\/h2>\n\n\n\n<p class=\"has-small-font-size\">K-S M\u00e4\u00e4r\u00e4laskenta toimii henkil\u00f6tietojen k\u00e4sittelij\u00e4n\u00e4 sek\u00e4 rekisterinpit\u00e4j\u00e4n\u00e4.<\/p>\n\n\n\n<p class=\"has-small-font-size\">K-S M\u00e4\u00e4r\u00e4laskenta<br>Vaajarinne 9 B 10<br>40800 Vaajakoski<br>Y-tunnus: 3406476-6<\/p>\n\n\n\n<h3 class=\"wp-block-heading has-small-font-size\">2. Rekisterist\u00e4 vastaava yhteyshenkil\u00f6<\/h3>\n\n\n\n<p class=\"has-small-font-size\">Juha Str\u00f6m<br>040 7240 303<br>juha.strom@hotmail.fi<\/p>\n\n\n\n<h3 class=\"wp-block-heading has-small-font-size\">3. Rekisterin nimi<\/h3>\n\n\n\n<p class=\"has-small-font-size\">Yrityksen asiakasrekisteri, sidosryhm\u00e4rekisteri<\/p>\n\n\n\n<h2 class=\"wp-block-heading has-small-font-size\">4. Mit\u00e4 tietoa ker\u00e4\u00e4mme ja miksi<\/h2>\n\n\n\n<p class=\"has-small-font-size\">Yhteydenotto \/ tarjouspyynn\u00f6t:<br>Kun sivuston k\u00e4ytt\u00e4j\u00e4t j\u00e4tt\u00e4v\u00e4t yhteydenotto- tai tarjouspyynn\u00f6n sivustolle, ker\u00e4\u00e4mme lomakkeessa olevat tiedot, sek\u00e4 k\u00e4ytt\u00e4j\u00e4n IP-osoitteen ja selaimen versiotiedot roskaviestien tunnistamisen helpottamiseksi. <\/p>\n\n\n\n<p class=\"has-small-font-size\">Lis\u00e4ksi voimme tallentaa seuraavat asiakastiedot:<br>Yrityksen nimi ja siihen liittyv\u00e4t muut yhteystiedot<\/p>\n\n\n\n<p class=\"has-small-font-size\">Tietoja ker\u00e4t\u00e4\u00e4n:<br>&#8211; Asiakas-suhteiden yll\u00e4pitoa <br>&#8211; Tilastointia, suunnittelua sek\u00e4 seurantaa <br>&#8211; Laskutusta ja perint\u00e4\u00e4 <br>&#8211; Muihin rekisterinpit\u00e4j\u00e4n oikeuksien ja velvollisuuksien toteuttamisen edellytt\u00e4mi\u00e4 teht\u00e4vi\u00e4 varten<\/p>\n\n\n\n<p class=\"has-small-font-size\">Verkkosivuston vierailijoiden IP-osoitteita ja palvelun toiminnoille v\u00e4ltt\u00e4m\u00e4tt\u00f6mi\u00e4 ev\u00e4steit\u00e4 k\u00e4sitell\u00e4\u00e4n oikeutetun edun perusteella mm. tietoturvasta huolehtimiseksi ja sivuston vierailijoiden tilastotietojen keruuta varten niiss\u00e4 tapauksissa, kun niiden voidaan katsoa olevan henkil\u00f6tietoja. Kolmansien osapuolten ev\u00e4steille pyydet\u00e4\u00e4n tarvittaessa suostumus erikseen.<\/p>\n\n\n\n<h2 class=\"wp-block-heading has-small-font-size\">5. Tietojen vastaanottajat<\/h2>\n\n\n\n<p class=\"has-small-font-size\">Rekisterin tietoja ei luovuteta yrityksen ulkopuolelle. Viranomaisille tietoja luovutetaan lain edellytt\u00e4miss\u00e4 tapauksissa, kuten esimerkiksi v\u00e4\u00e4rink\u00e4yt\u00f6sten selvitt\u00e4misess\u00e4 ja ehk\u00e4isyss\u00e4.<\/p>\n\n\n\n<h2 class=\"wp-block-heading has-small-font-size\">6. Tietojen siirto EU:n tai ETA:n ulkopuolelle<\/h2>\n\n\n\n<p class=\"has-small-font-size\">Rekisterien tietoja ei siirret\u00e4 Eu:n tai ETA:n ulkopuolelle<\/p>\n\n\n\n<h2 class=\"wp-block-heading has-small-font-size\">7. Henkil\u00f6tietojen s\u00e4ilytysaika<\/h2>\n\n\n\n<p class=\"has-small-font-size\">Rekisteriin ker\u00e4ttyj\u00e4 henkil\u00f6tietoja s\u00e4ilytet\u00e4\u00e4n vain niin kauan ja siin\u00e4 laajuudessa kuin on tarpeen kohdassa&nbsp;4 kuvattujen tarkoitusten toteuttamiseksi kulloinkin voimassa olevan lains\u00e4\u00e4d\u00e4nn\u00f6n mukaisesti. Rekisteriin tallennetut henkil\u00f6tiedot poistetaan, kun niiden k\u00e4sittelylle ei ole en\u00e4\u00e4 laillista perustetta.<\/p>\n\n\n\n<h2 class=\"wp-block-heading has-small-font-size\">8. Oikeus tietojen tarkastamiseen ja oikaisemiseen<\/h2>\n\n\n\n<p class=\"has-small-font-size\">Rekister\u00f6idyll\u00e4 on oikeus tarkastaa, mit\u00e4 h\u00e4nt\u00e4 koskevia tietoja rekisteriin on tallennettu. Tarkastus- tai oikaisupyynt\u00f6 voidaan tehd\u00e4 toimittamalla pyynt\u00f6 rekisterist\u00e4 vastaavalle pit\u00e4j\u00e4lle<\/p>\n\n\n\n<h2 class=\"wp-block-heading has-small-font-size\">9. Rekisterin tietoryhm\u00e4t <\/h2>\n\n\n\n<p class=\"has-small-font-size\">Palvelussa k\u00e4sitell\u00e4\u00e4n k\u00e4ytt\u00e4j\u00e4n yhteystietoja sek\u00e4 muita k\u00e4ytt\u00e4j\u00e4n itse antamia tietoja henkil\u00f6tietolain sallimissa rajoissa.<\/p>\n\n\n\n<h2 class=\"wp-block-heading has-small-font-size\">10. S\u00e4\u00e4nn\u00f6nmukaiset tietol\u00e4hteet <\/h2>\n\n\n\n<p class=\"has-small-font-size\">Henkil\u00f6- ja yritystietoja ker\u00e4t\u00e4\u00e4n k\u00e4ytt\u00e4j\u00e4lt\u00e4 yhteydenpidon yhteydess\u00e4 ja palvelua k\u00e4ytett\u00e4ess\u00e4.<\/p>\n\n\n\n<h2 class=\"wp-block-heading has-small-font-size\">11. Rekisterin suojauksen periaatteet<\/h2>\n\n\n\n<p class=\"has-small-font-size\">Fyysisess\u00e4 muodossa oleva aineisto s\u00e4ilytet\u00e4\u00e4n lukitussa tilassa. S\u00e4hk\u00f6isess\u00e4 muodossa oleva aineisto ker\u00e4t\u00e4\u00e4n palvelun yhteisiin tietokantoihin, jotka ovat suojattu salasanoilla.<\/p>\n\n\n\n<h2 class=\"wp-block-heading has-small-font-size\">12. Oikeus tietojen tarkastamiseen ja oikaisemiseen<\/h2>\n\n\n\n<p class=\"has-small-font-size\">K\u00e4ytt\u00e4j\u00e4ll\u00e4 on oikeus tarkastaa, mit\u00e4 h\u00e4nt\u00e4 koskevia tietoja henkil\u00f6rekisteriin on talletettu sek\u00e4 oikeus vaatia rekisteriss\u00e4 olevan virheellisen tiedon korjaamista. K\u00e4ytt\u00e4j\u00e4ll\u00e4 on my\u00f6s oikeus vaatia kaikkien itse\u00e4\u00e4n koskevien tietojen poistamista rekisterist\u00e4. Tarkastuspyynt\u00f6 tulee l\u00e4hett\u00e4\u00e4 kirjallisesti ja allekirjoitettuna osoitteella: K-S M\u00e4\u00e4r\u00e4laskenta, Vaajarinne 9 B 10, 40800 Vaajakoski.<\/p>\n\n\n\n<h2 class=\"wp-block-heading has-small-font-size\">13. Oikeus tehd\u00e4 valitus valvontaviranomaiselle<\/h2>\n\n\n\n<p class=\"has-small-font-size\">Rekister\u00f6idyll\u00e4 on oikeus tehd\u00e4 valitus valvontaviranomaiselle, jos rekister\u00f6ity katsoo, ett\u00e4 h\u00e4nt\u00e4 koskevien henkil\u00f6tietojen k\u00e4sittelyss\u00e4 rikotaan soveltuvaa tietosuojas\u00e4\u00e4ntely\u00e4.<\/p>\n\n\n\n<h2 class=\"wp-block-heading has-small-font-size\">14. Tietosuojaselosteen muuttaminen<\/h2>\n\n\n\n<p class=\"has-small-font-size\">K-S M\u00e4\u00e4r\u00e4laskenta kehitt\u00e4\u00e4 palvelujaan jatkuvasti pid\u00e4tt\u00e4\u00e4 itsell\u00e4\u00e4n oikeuden muuttaa t\u00e4t\u00e4 tietosuojaselostetta.. Muutokset voivat perustua my\u00f6s lains\u00e4\u00e4d\u00e4nn\u00f6n muuttumiseen. Suosittelemme tutustumaan tietosuojaselosteen sis\u00e4lt\u00f6\u00f6n s\u00e4\u00e4nn\u00f6llisesti.<\/p>\n","protected":false},"excerpt":{"rendered":"<p>Rekisteri- ja tietosuojaseloste T\u00e4m\u00e4 on\u00a0Yrityksen\u00a0EU:n yleisen tietosuoja-asetuksen (GDPR) mukainen rekisteri- ja tietosuojaseloste. Laadittu\u00a01.1.2026. 1. Rekisterinpit\u00e4j\u00e4 K-S M\u00e4\u00e4r\u00e4laskenta toimii henkil\u00f6tietojen k\u00e4sittelij\u00e4n\u00e4 sek\u00e4 rekisterinpit\u00e4j\u00e4n\u00e4. K-S M\u00e4\u00e4r\u00e4laskentaVaajarinne 9 B 1040800 VaajakoskiY-tunnus: 3406476-6 2. Rekisterist\u00e4 vastaava yhteyshenkil\u00f6 Juha Str\u00f6m040 7240 303juha.strom@hotmail.fi 3. Rekisterin nimi Yrityksen asiakasrekisteri, sidosryhm\u00e4rekisteri 4. Mit\u00e4 tietoa ker\u00e4\u00e4mme ja miksi Yhteydenotto \/ tarjouspyynn\u00f6t:Kun sivuston k\u00e4ytt\u00e4j\u00e4t j\u00e4tt\u00e4v\u00e4t&#8230;<\/p>\n","protected":false},"author":1,"featured_media":0,"parent":0,"menu_order":0,"comment_status":"closed","ping_status":"closed","template":"","meta":{"_kadence_starter_templates_imported_post":false,"_kad_post_transparent":"","_kad_post_title":"hide","_kad_post_layout":"","_kad_post_sidebar_id":"","_kad_post_content_style":"","_kad_post_vertical_padding":"","_kad_post_feature":"","_kad_post_feature_position":"","_kad_post_header":false,"_kad_post_footer":false,"_kad_post_classname":"","footnotes":""},"class_list":["post-3","page","type-page","status-publish","hentry"],"_links":{"self":[{"href":"https:\/\/www.ksmaaralaskenta.fi\/index.php\/wp-json\/wp\/v2\/pages\/3","targetHints":{"allow":["GET"]}}],"collection":[{"href":"https:\/\/www.ksmaaralaskenta.fi\/index.php\/wp-json\/wp\/v2\/pages"}],"about":[{"href":"https:\/\/www.ksmaaralaskenta.fi\/index.php\/wp-json\/wp\/v2\/types\/page"}],"author":[{"embeddable":true,"href":"https:\/\/www.ksmaaralaskenta.fi\/index.php\/wp-json\/wp\/v2\/users\/1"}],"replies":[{"embeddable":true,"href":"https:\/\/www.ksmaaralaskenta.fi\/index.php\/wp-json\/wp\/v2\/comments?post=3"}],"version-history":[{"count":9,"href":"https:\/\/www.ksmaaralaskenta.fi\/index.php\/wp-json\/wp\/v2\/pages\/3\/revisions"}],"predecessor-version":[{"id":1292,"href":"https:\/\/www.ksmaaralaskenta.fi\/index.php\/wp-json\/wp\/v2\/pages\/3\/revisions\/1292"}],"wp:attachment":[{"href":"https:\/\/www.ksmaaralaskenta.fi\/index.php\/wp-json\/wp\/v2\/media?parent=3"}],"curies":[{"name":"wp","href":"https:\/\/api.w.org\/{rel}","templated":true}]}}