{"id":45,"date":"2021-10-19T07:36:28","date_gmt":"2021-10-19T07:36:28","guid":{"rendered":"https:\/\/kits.themecy.com\/memberships-3\/?page_id=45"},"modified":"2024-01-21T17:21:01","modified_gmt":"2024-01-21T15:21:01","slug":"yritys","status":"publish","type":"page","link":"https:\/\/www.ksmaaralaskenta.fi\/index.php\/yritys\/","title":{"rendered":"YRITYS"},"content":{"rendered":"\n<h1 class=\"wp-block-heading alignwide has-text-align-center has-medium-font-size\">YRITYS<\/h1>\n\n\n\n<p><em>K-S M\u00e4\u00e4r\u00e4laskenta<\/em> on suomalainen m\u00e4\u00e4r\u00e4laskentaan keskittyv\u00e4 2023 perustettu yritys, joka on erikoistunut l\u00e4mp\u00f6-, vesi- ja viem\u00e4rikuvien (LVV) m\u00e4\u00e4r\u00e4laskentaan.<\/p>\n\n\n\n<p>K-S M\u00e4\u00e4r\u00e4laskenta on toistaiseksi yhden henkil\u00f6n yritys, jonka yritt\u00e4j\u00e4ll\u00e4 on kokemusta LVI-urakoinnista ja ty\u00f6njohtajana toimimisesta. Aiemmissa ty\u00f6teht\u00e4viss\u00e4 yksi keskeisist\u00e4 teht\u00e4vist\u00e4 oli urakoiden laskenta, joita takana on satoja. Suurimpia laskettuja urakoita mm. Laukaan Koulum\u00e4ki ja Suolahden yhten\u00e4iskoulu.<\/p>\n\n\n\n<p class=\"has-text-align-left\">Yrityksen\u00e4 pystymme laskemaan m\u00e4\u00e4r\u00e4luettelot nopeasti, asiakkaiden tarpeiden mukaisesti kaikenkokoisiin hankkeisiin, niin asuinkiinteist\u00f6ihin, teollisuuskohteisiin, liiketiloihin kuin my\u00f6s julkisiin rakennuksiin. <\/p>\n\n\n\n<p>Yksi t\u00e4rkeimmist\u00e4 tavoitteistamme on s\u00e4\u00e4st\u00e4\u00e4 asiakkaittemme <em>aikaa<\/em> ja<em> resursseja<\/em> yrityksen muihin ty\u00f6teht\u00e4viin, tarjoamalla asiakkaan tarpeisiin parhaiten soveltuvan m\u00e4\u00e4r\u00e4nlaskentapalvelun. <\/p>\n\n\n\n<p class=\"has-text-align-center\" style=\"font-style:normal;font-weight:800\">L\u00e4hestyyk\u00f6 urakan j\u00e4tt\u00f6p\u00e4iv\u00e4 uhkaavasti ja laskenta on viel\u00e4 aloittamatta?<\/p>\n\n\n\n<p class=\"has-text-align-center\" style=\"font-style:normal;font-weight:800\"><br><a href=\"https:\/\/www.ksmaaralaskenta.fi\/index.php\/yhteydenotto\/\">Ota rohkeasti yhteytt\u00e4 <\/a><\/p>\n","protected":false},"excerpt":{"rendered":"<p>YRITYS K-S M\u00e4\u00e4r\u00e4laskenta on suomalainen m\u00e4\u00e4r\u00e4laskentaan keskittyv\u00e4 2023 perustettu yritys, joka on erikoistunut l\u00e4mp\u00f6-, vesi- ja viem\u00e4rikuvien (LVV) m\u00e4\u00e4r\u00e4laskentaan. K-S M\u00e4\u00e4r\u00e4laskenta on toistaiseksi yhden henkil\u00f6n yritys, jonka yritt\u00e4j\u00e4ll\u00e4 on kokemusta LVI-urakoinnista ja ty\u00f6njohtajana toimimisesta. Aiemmissa ty\u00f6teht\u00e4viss\u00e4 yksi keskeisist\u00e4 teht\u00e4vist\u00e4 oli urakoiden laskenta, joita takana on satoja. Suurimpia laskettuja urakoita mm. Laukaan Koulum\u00e4ki ja Suolahden yhten\u00e4iskoulu&#8230;.<\/p>\n","protected":false},"author":1,"featured_media":0,"parent":0,"menu_order":0,"comment_status":"closed","ping_status":"closed","template":"","meta":{"_kadence_starter_templates_imported_post":true,"_kad_post_transparent":"default","_kad_post_title":"hide","_kad_post_layout":"narrow","_kad_post_sidebar_id":"","_kad_post_content_style":"unboxed","_kad_post_vertical_padding":"default","_kad_post_feature":"hide","_kad_post_feature_position":"","_kad_post_header":false,"_kad_post_footer":false,"_kad_post_classname":"","footnotes":""},"class_list":["post-45","page","type-page","status-publish","hentry"],"_links":{"self":[{"href":"https:\/\/www.ksmaaralaskenta.fi\/index.php\/wp-json\/wp\/v2\/pages\/45","targetHints":{"allow":["GET"]}}],"collection":[{"href":"https:\/\/www.ksmaaralaskenta.fi\/index.php\/wp-json\/wp\/v2\/pages"}],"about":[{"href":"https:\/\/www.ksmaaralaskenta.fi\/index.php\/wp-json\/wp\/v2\/types\/page"}],"author":[{"embeddable":true,"href":"https:\/\/www.ksmaaralaskenta.fi\/index.php\/wp-json\/wp\/v2\/users\/1"}],"replies":[{"embeddable":true,"href":"https:\/\/www.ksmaaralaskenta.fi\/index.php\/wp-json\/wp\/v2\/comments?post=45"}],"version-history":[{"count":19,"href":"https:\/\/www.ksmaaralaskenta.fi\/index.php\/wp-json\/wp\/v2\/pages\/45\/revisions"}],"predecessor-version":[{"id":992,"href":"https:\/\/www.ksmaaralaskenta.fi\/index.php\/wp-json\/wp\/v2\/pages\/45\/revisions\/992"}],"wp:attachment":[{"href":"https:\/\/www.ksmaaralaskenta.fi\/index.php\/wp-json\/wp\/v2\/media?parent=45"}],"curies":[{"name":"wp","href":"https:\/\/api.w.org\/{rel}","templated":true}]}}